{"id":13410,"date":"2024-12-28T14:47:57","date_gmt":"2024-12-28T12:47:57","guid":{"rendered":"https:\/\/www.mk-wetzlar.de\/?page_id=13410"},"modified":"2024-12-28T18:38:58","modified_gmt":"2024-12-28T16:38:58","slug":"archiv-2024","status":"publish","type":"page","link":"https:\/\/www.mk-wetzlar.de\/?page_id=13410","title":{"rendered":"Archiv 2024"},"content":{"rendered":"<h1 style=\"text-align: center;\"><span style=\"font-family: georgia, palatino, serif;\"><em><strong>Archiv 2024<\/strong><\/em><\/span><\/h1>\n<p style=\"text-align: center;\"><span style=\"font-size: 16pt;\"><strong>Hier findet man nochmals alle Berichte von 2024<\/strong><\/span><\/p>\n<p style=\"text-align: center;\"><span style=\"font-size: 12pt; color: #ff0000;\">Bilder zu den Berichten k\u00f6nnen in der Bildergalerie betrachtet werden<\/span><\/p>\n<p style=\"text-align: center;\"><strong><span style=\"font-size: 16pt; color: #3366ff;\">Jahreshauptversammlung 2024<\/span><\/strong><\/p>\n<div class=\"row\"><div class=\"col-md-6\">Die Jahreshauptversammlung f\u00fcr das Jahr 2024\u00a0 wurde am 09.03.2024 im Vereinsheim der Marinekameradschaft durchgef\u00fchrt, dazu konnte der 1.Vorsitzende Manfred Roth 28 Vereinsangeh\u00f6rige begr\u00fc\u00dfen.<\/p>\n<p>F\u00fcr die Totenehrung bat der Vorsitzende die Anwesenden sich zu erheben und den verstorbenen Kameraden mit einer Schweigeminute zu gedenken.<\/p>\n<p>Im Anschluss daran wurde die ordnungsgem\u00e4\u00dfe Einla-dung, Anwesenheit und Beschlussf\u00e4higkeit festgestellt, woraufhin die Tagesordnung genehmigt wurde.<!--more--><\/p>\n<p>Es folgten die Gesch\u00e4ftsberichte des Vorsitzenden Manfred Roth, des Kassierers J\u00fcrgen Frey, des Kassenpr\u00fcfers Hermann Schmidt, der Bericht des Chorsprechers Herwig Michl sowie der Heimcrew durch Michael Porst, der Bericht der Bordnachrichtenredaktion musste wegen Krankheit ausfallen,<\/p>\n<p>Die Entlastung des Vorstandes erfolgte nach der Aus- sprache.<br \/>\nNach einer Pause, in welcher sich alle Kameradinnen und Kameraden mit der von Michael und Heinrich zubereiteten Gulaschsuppe\u00a0 mit Brot st\u00e4rken konnten, \u00fcbernahmen R\u00fcdiger Koob und KarlHeinz Kr\u00e4uter als Wahlleiter das Ruder und f\u00fchrten die anstehende Wahl durch. <\/div><div class=\"col-md-6\">\n<p><strong>F\u00fcr 2 Jahre standen folgende Positionen zur Wahl<\/strong><br \/>\n<strong>Erster Vorsitzender<\/strong><br \/>\n<strong>Schriftf\u00fchrer<\/strong><br \/>\n<strong>Kassierer<\/strong><br \/>\n<strong>Kassenpr\u00fcfer <\/strong><br \/>\n<strong>Heimcrewsprecher<\/strong><br \/>\n<strong>Beisitzer ZBV <\/strong><br \/>\n<strong>Beisitzer<\/strong><br \/>\n<strong>Chorsprecher<\/strong><\/p>\n<p><strong>F\u00fcr 1 Jahr standen folgende Positionen zu Wah<\/strong>l<br \/>\n<strong>stellv.<\/strong>.<strong>Schriftf\u00fchrer<\/strong><br \/>\n<strong>stellv. Kassierer<\/strong><br \/>\n<strong>stellv. Kassenpr\u00fcfer <\/strong><br \/>\n<strong>stellv. Chorsprecher<\/strong><\/p>\n<p>Im Anschlu\u00df daran \u00fcbernahm wieder der 1. Vorsitzende und erkl\u00e4rte, das auch bis auf weiteres keine Beitrags- erh\u00f6hung geplant ist.<\/p>\n<p>Nachdem keine weiteren Wortmeldungen mehr vorlagen, beendete der 1.Vorsitzende den offiziellen Teil des Abends.<\/p>\n<p>Ende der Versammlung um 20.55 Uhr<\/p>\n<\/div><\/div>\n<h4>Der neue Vorstand besteht insgesamt aus:<\/h4>\n<p><strong>Manfred Roth <\/strong>(Vorsitzender)<br \/>\n<strong>Matthaeus Hansbauer <\/strong>(stellv. Vorsitzender)<br \/>\n<strong>Harald M\u00e4\u00dfer <\/strong>(Kassierer)<br \/>\n<strong>Hans Bader<\/strong> (Schriftf\u00fchrer)<br \/>\n<strong>J\u00fcrgen Frey <\/strong>(stellv. Kassierer)<br \/>\n<strong> G\u00fcnter Schmidt <\/strong>(stellv. Schriftf\u00fchrer)<br \/>\n<strong>Harald M\u00e4\u00dfer <\/strong>(stellv. Kassierer)<br \/>\n<strong>Herwig Michl <\/strong>(Chorsprecher)<br \/>\n<strong>J\u00fcrgen Frey <\/strong>(stellv. Chorsprecher)<br \/>\n<strong>Michael Porst<\/strong> (Heimcrewsprecher)<br \/>\n<strong>Paul Wegmann<\/strong> (Redaktion Bordnachrichten \/ Administrator Homepage)<br \/>\n<strong>Albert Horn <\/strong>(Beisitzer ZBV)<br \/>\n<strong>Heinrich Bartelmann <\/strong>(Beisitzer)<br \/>\nAls Kassenpr\u00fcfer stellten sich<br \/>\n<strong>Stefan Heiland und <\/strong><strong>Frank Serkis<\/strong><br \/>\nzur Verf\u00fcgung<\/p>\n<p style=\"text-align: center;\"><span style=\"font-size: 16pt; color: #0000ff;\"><strong>Sommerkonzert in Braunfels 2024<\/strong><\/span><\/p>\n<p>In diesem Jahr brauchten Kurverwaltung und der Shanty-Chor keine Sorgen haben, dass die Veranstaltung wie im vergangenen Jahr wieder unter Wasser steht.Strahlender Sonnenschein und Temperaturen um 30 Grad waren laut Wetterbericht angesagt und wurden von Petrus sogar eingehalten.<br \/>\nRechtzeitig trafen sich wieder ein Teil des Chores, um gemeinsam mit Axel der wieder f\u00fcr den guten Klang verantwortlich war, unsere umgfangreiche Beschallungs-anlage aufzubauen, so das wir p\u00fcnktlich um 16:00 Uhr\u00a0 beginnen konnten.<br \/>\nAn dieser Stelle einmal ein Dankesch\u00f6n an Dieter Stollberg der sich wieder zur Verf\u00fcgung gestellt hat, den Anh\u00e4nger mit dem Chorequipment zu transportieren.<br \/>\nNach der Begr\u00fc\u00dfung der G\u00e4ste durch den Vertreter\u00a0 der Kurverwaltung\u00a0 konnte der Chor sofort mit seiner musikalischen Seereise beginnen.<br \/>\nUnser Chorsprecher Herwig Michl \u00fcbernahm nun das Kommando und f\u00fchrte durch das Programm<br \/>\nAus dem umfangreichen Repertoire des Chores erklangen Lieder wie \u201eHeut geht\u2019s an Bord\u201c \u201eEinmal noch nach Bombay\u201c \u201eAuf der Reeperbahn\u201c und weitere.<br \/>\n\u201eWir lagen vor Madgaskar\u201c leitete das Ende des ersten Teils ein, mit dem Hinweis &gt;<strong><em>Durst ist die gr\u00f6\u00dfte Plage<\/em><\/strong>&lt; legte der Chor eine kurze Pause ein, um danach wieder mit aller Frische den zweite Teil anzugehen. Als Schlu\u00dflied war \u201eAve Maria der Meere\u201c geplant, aber das Publikum forderte lautstark eine Zugabe, die vom Chor mit \u201eSeemann la\u00df das tr\u00e4umen\u201c und \u201eSloop John\u00a0 Bee\u201c (die auf deutsch umgetextete Version von den Beach Boys aus dem Jahre 1966) gerne erf\u00fcllt wurde.<br \/>\nIm Vergleich zum zur\u00fcckliegenden Jahr, bei der wir auf Grund des schlechten Wetters immerhin etwa 80 &#8211; 100 Zuschauer begr\u00fc\u00dfen konnten, waren in diesem Jahr so viele Besucher erscheinen, dass die von der Kurverwaltung zur Verf\u00fcgung gestellten Sitzgelegenheiten nicht ausreichten und viele auf der hinteren Begrenzungsmauer sa\u00dfen, die Bestuhlung der Gartenwirtschaft benutzten oder sich anderweitig im Park Stehpl\u00e4tze gesucht haben um unseren Liedern von der Waterkant zu lauschen. Ein Beweis daf\u00fcr, dass Shanties auch im Binnenland gerne geh\u00f6rt werden.<\/p>\n<p>&nbsp;<\/p>\n<p>&nbsp;<\/p>\n<p style=\"text-align: center;\"><strong><span style=\"color: #0000ff; font-size: 16pt;\">Moselfahrt des Shantychors<\/span><br \/>\n<\/strong><\/p>\n<div class=\"row\"><div class=\"col-md-6\">Der Shanty-Chor wollten mal nicht nur von Schiffen und der Seefahrt singen, sondern auch mal eine Fahrt mit einem Schiff (w<em>enn es auch nur eine kleine sein sollte, bei der auch niemand Seekrank werden konnte<\/em>) erleben. Es kam die Idee auf, man k\u00f6nnte ja einmal eine Schifffahrt auf der Mosel oder auf dem Rhein unternehmen. W\u00e4hrend einer Chorprobe wurde dar\u00fcber <!--more-->abgestimmt und es wurde sich darauf geeinigt die Fahrt an die Mosel durchzuf\u00fchren, zumal unser Kamerad Willi Rausch Beziehungen zu einem dort ans\u00e4ssigen Unternehmen hat.<br \/>\nDieter Stollberg, Karmen Schimanski und Willi Rausch machten sich auf den Weg um sich zu erkundigen welche M\u00f6glichkeiten bestehen und welche Angebote es gibt.<br \/>\nNachdem sich eine gen\u00fcgende Anzahl an Teilnehmern bereit erkl\u00e4rt hatten, an der Ausflugsfahrt teilzunehmen, wurde der Plan umgesetzt.<br \/>\nDas Programm stand und der Bus war geordert, so dass es am Sonntag 29.10. los gehen konnte..<\/p>\n<p>Im Vorfeld wurde sich auch erkundigt, ob der Chor eventuell auf dem Schiff einen kleinen Auftritt durch-f\u00fchren k\u00f6nnte, dies war aber aus rechtlichen Gr\u00fcnden (GEMA) nicht m\u00f6glich. Da der Eigner des Schiffes aber keine Einw\u00e4nde hat, wenn der Chor von sich aus unge-zwungen einige Lieder zum Besten gibt, wurde beschlos-sen, dass die Musiker ihre Instrumente mitf\u00fchren.<\/p>\n<p>Abfahrt morgens um 07:00 Uhr vom Parkplatz Sieg-mund-Hiepe-Str. in Richtung Traben-Trarbach.<br \/>\nDie Fahrt verlief ruhig, lediglich beim Pausen-Stopp auf dem Rastplatz \u201eMoselblick\u201c an der A 61 war es noch un-angenehm neblig und kalt, jeder nahm schnell das von Karmen vorbereitete Fr\u00fchst\u00fcck ein und verzog sich schnell wieder in den Bus.<br \/>\nDer Ausblick auf die Mosel war bedingt durch dichten Nebel nicht m\u00f6glich.<\/div><div class=\"col-md-6\"> Vorbei am Flughafen Hahn ging es weiter nach Traben \u2013 Trarbach. Das Wetter klarte immer mehr auf, und bei der Ankunft am Zielort schien sogar die Sonne. Nach einem kurzen Aufenthalt, der genutzt wurde, um die Fahr-scheine zu ordern, ging es dann an Bord des Ausflug-schiffes \u201eMoselk\u00f6nigin\u201c. Schnell waren die Pl\u00e4tze belegt und es wurde sich gem\u00fctlich gemacht.<br \/>\nUnsere Musiker Petra, J\u00fcrgen und Heinz packten ihre mitgef\u00fchrten Instrumente aus und bauten sie auf.<br \/>\nDann ging es auch schon los, mit \u201eVolldampf voraus\u201c begann unser kleiner Auftritt. Es folgten Songs wie \u201eFahr mich in die Ferne\u201c, \u201e\u00dcber uns der blaue Himmel\u201c, \u201eLa Paloma\u201c nur um einige zu nennen. Die anderen Fahrg\u00e4ste waren erst etwas verwundert, dann aber begeistert von der Darbietung. Der Funke sprang schnell \u00fcber und es wurde mitgeschunkelt und geklatscht.<br \/>\nVorbei an malerischen Moselorten wie Kr\u00f6v, Kinheim, Erden um nur einige zu nennen und Einfahrt Schleuse bei Zeltingen \u2013 Rachtig einer Schleusung an der Staustufe bei Zeltingen &#8211; Rachtig ging die Fahrt nun in Richtung Bernkastel \u2013 Kues wo wir nach gut zwei (zu schnell vergangenen) Stunden ankamen. Hier hatten wir Zeit uns die Altstadt von Bernkastel anzusehen.<br \/>\n14:45 war dann wieder treffen am Bus zur Weiterfahrt zum Kloster Machern. Dort erwartete uns dann noch Kaffee und leckerer Kuchen, der von allen gerne angenommen wurde.<\/p>\n<p>Auf Wunsch des Personals wurde zum Abschluss noch einmal der Chor aktiv und brachte den Song \u201eSeemann deine Heimat\u201c zum Vortrag.<\/p>\n<p>Bis zur Abfahrt zur\u00fcck nach Wetzlar, nutzten einige noch die Zeit, das ehemalige Kloster zu besichtigen.<\/p>\n<\/div><\/div>\n","protected":false},"excerpt":{"rendered":"<p>Archiv 2024 Hier findet man nochmals alle Berichte von 2024 Bilder zu den Berichten k\u00f6nnen in der Bildergalerie betrachtet werden Jahreshauptversammlung 2024 Die Jahreshauptversammlung f\u00fcr das Jahr 2024\u00a0 wurde am 09.03.2024 im Vereinsheim der Marinekameradschaft durchgef\u00fchrt, dazu konnte der 1.Vorsitzende &hellip; <a href=\"https:\/\/www.mk-wetzlar.de\/?page_id=13410\">Weiter<\/a><\/p>\n","protected":false},"author":5,"featured_media":0,"parent":0,"menu_order":0,"comment_status":"closed","ping_status":"closed","template":"","meta":{"_crdt_document":"","footnotes":""},"class_list":["post-13410","page","type-page","status-publish","hentry"],"_links":{"self":[{"href":"https:\/\/www.mk-wetzlar.de\/index.php?rest_route=\/wp\/v2\/pages\/13410","targetHints":{"allow":["GET"]}}],"collection":[{"href":"https:\/\/www.mk-wetzlar.de\/index.php?rest_route=\/wp\/v2\/pages"}],"about":[{"href":"https:\/\/www.mk-wetzlar.de\/index.php?rest_route=\/wp\/v2\/types\/page"}],"author":[{"embeddable":true,"href":"https:\/\/www.mk-wetzlar.de\/index.php?rest_route=\/wp\/v2\/users\/5"}],"replies":[{"embeddable":true,"href":"https:\/\/www.mk-wetzlar.de\/index.php?rest_route=%2Fwp%2Fv2%2Fcomments&post=13410"}],"version-history":[{"count":1,"href":"https:\/\/www.mk-wetzlar.de\/index.php?rest_route=\/wp\/v2\/pages\/13410\/revisions"}],"predecessor-version":[{"id":14199,"href":"https:\/\/www.mk-wetzlar.de\/index.php?rest_route=\/wp\/v2\/pages\/13410\/revisions\/14199"}],"wp:attachment":[{"href":"https:\/\/www.mk-wetzlar.de\/index.php?rest_route=%2Fwp%2Fv2%2Fmedia&parent=13410"}],"curies":[{"name":"wp","href":"https:\/\/api.w.org\/{rel}","templated":true}]}}