{"id":58,"date":"2014-05-12T00:40:15","date_gmt":"2014-05-11T22:40:15","guid":{"rendered":"http:\/\/20mkwz14.alfahosting.org\/wordpress\/?page_id=58"},"modified":"2022-01-21T17:59:27","modified_gmt":"2022-01-21T15:59:27","slug":"foerdern-werben","status":"publish","type":"page","link":"https:\/\/www.mk-wetzlar.de\/?page_id=58","title":{"rendered":"F\u00f6rdern"},"content":{"rendered":"<h3><\/h3>\n<h1 class=\"entry-title\" style=\"text-align: center;\"><em><strong><span style=\"font-family: georgia, palatino, serif;\">F\u00f6rdern<\/span><\/strong><\/em><\/h1>\n<h3><\/h3>\n<h3><span style=\"font-size: 20pt; font-family: georgia, palatino, serif;\">Helfen Sie uns!<\/span><\/h3>\n<p><strong><span style=\"font-size: 14pt; font-family: georgia, palatino, serif;\">Sehr geehrte F\u00f6rderer,<\/span><\/strong><br \/>\n<strong><span style=\"font-size: 14pt; font-family: georgia, palatino, serif;\">liebe Freunde der Seefahrt,<\/span><\/strong><\/p>\n<p style=\"text-align: justify;\"><span style=\"font-family: georgia, palatino, serif;\"><strong><em><span style=\"font-size: 12pt;\">wir w\u00fcrden uns freuen Sie als F\u00f6rderer der maritimen Kultur hier im heimischen Festland begr\u00fc\u00dfen zu k\u00f6nnen. Sprechen Sie uns an und erfahren Sie mehr zu unseren aktuellen Werbe- und F\u00f6rderangeboten.<\/span><\/em><\/strong><\/span><\/p>\n<p style=\"text-align: justify;\"><span style=\"font-family: georgia, palatino, serif;\"><strong><em><span style=\"font-size: 12pt;\">Auch kleine F\u00f6rderungen helfen uns sehr, z. B. der Besuch unserer \u00f6ffentlichen Veranstaltungen, oder eine F\u00f6rdermitgliedschaft. Sie m\u00f6chten sich nicht binden? Dann ist uns auch jede Spende herzlich willkommen, nat\u00fcrlich erhalten Sie daf\u00fcr eine Spendenquittung. Oder interessieren Sie sich f\u00fcr einen Werbeplatz bei der Marinekameradschaft Wetzlar? Ihre Firma usw. wird dauerhaft jedem Besucher pr\u00e4sent sein, beste Referenzen und beste Reklame also.<\/span><\/em><\/strong><\/span><\/p>\n<p style=\"text-align: justify;\"><span style=\"font-family: georgia, palatino, serif;\"><strong><em><span style=\"font-size: 12pt;\">Wir m\u00f6chten die maritime Kultur und den Seemannsgesang hier im Binnenland erhalten, und Sie k\u00f6nnen uns dabei helfen.<\/span><\/em><\/strong><\/span><\/p>\n<p><span style=\"font-family: georgia, palatino, serif;\"><strong><em><span style=\"font-size: 12pt;\">\n<div class=\"wpcf7 no-js\" id=\"wpcf7-f1740-o1\" lang=\"de-DE\" dir=\"ltr\" data-wpcf7-id=\"1740\">\n<div class=\"screen-reader-response\"><p role=\"status\" aria-live=\"polite\" aria-atomic=\"true\"><\/p> <ul><\/ul><\/div>\n<form action=\"\/index.php?rest_route=%2Fwp%2Fv2%2Fpages%2F58#wpcf7-f1740-o1\" method=\"post\" class=\"wpcf7-form init wpcf7-acceptance-as-validation\" aria-label=\"Kontaktformular\" novalidate=\"novalidate\" data-status=\"init\">\n<fieldset class=\"hidden-fields-container\"><input type=\"hidden\" name=\"_wpcf7\" value=\"1740\" \/><input type=\"hidden\" name=\"_wpcf7_version\" value=\"6.1.5\" \/><input type=\"hidden\" name=\"_wpcf7_locale\" value=\"de_DE\" \/><input type=\"hidden\" name=\"_wpcf7_unit_tag\" value=\"wpcf7-f1740-o1\" \/><input type=\"hidden\" name=\"_wpcf7_container_post\" value=\"0\" \/><input type=\"hidden\" name=\"_wpcf7_posted_data_hash\" value=\"\" \/>\n<\/fieldset>\n<p><label> Name (Pflichtfeld)<br \/>\n<span class=\"wpcf7-form-control-wrap\" data-name=\"your-name\"><input size=\"40\" maxlength=\"400\" class=\"wpcf7-form-control wpcf7-text wpcf7-validates-as-required\" aria-required=\"true\" aria-invalid=\"false\" value=\"\" type=\"text\" name=\"your-name\" \/><\/span> <\/label>\n<\/p>\n<p><label> E-Mail-Adresse (Pflichtfeld)<br \/>\n<span class=\"wpcf7-form-control-wrap\" data-name=\"your-email\"><input size=\"40\" maxlength=\"400\" class=\"wpcf7-form-control wpcf7-email wpcf7-validates-as-required wpcf7-text wpcf7-validates-as-email\" aria-required=\"true\" aria-invalid=\"false\" value=\"\" type=\"email\" name=\"your-email\" \/><\/span> <\/label>\n<\/p>\n<p><label> Betreff<br \/>\n<span class=\"wpcf7-form-control-wrap\" data-name=\"your-subject\"><input size=\"40\" maxlength=\"400\" class=\"wpcf7-form-control wpcf7-text\" aria-invalid=\"false\" value=\"\" type=\"text\" name=\"your-subject\" \/><\/span> <\/label>\n<\/p>\n<p><label> Nachricht<br \/>\n<span class=\"wpcf7-form-control-wrap\" data-name=\"your-message\"><textarea cols=\"40\" rows=\"10\" maxlength=\"2000\" class=\"wpcf7-form-control wpcf7-textarea\" aria-invalid=\"false\" name=\"your-message\"><\/textarea><\/span> <\/label>\n<\/p>\n<p class=\"datenschutz\"><br \/>\n<strong>Datenschutz<\/strong><br \/>\n<span class=\"wpcf7-form-control-wrap\" data-name=\"zustimmung-datenschutz\"><span class=\"wpcf7-form-control wpcf7-acceptance\"><span class=\"wpcf7-list-item\"><label><input type=\"checkbox\" name=\"zustimmung-datenschutz\" value=\"1\" aria-invalid=\"false\" \/><span class=\"wpcf7-list-item-label\">Ich stimme zu, dass meine Angaben aus dem Kontaktformular zur Beantwortung meiner Anfrage erhoben und verarbeitet werden. Die Daten werden f\u00fcr 10 Jahre gespeichert oder auf Wunsch gel\u00f6scht.\nHinweis: Sie k\u00f6nnen Ihre Einwilligung jederzeit f\u00fcr die Zukunft per E-Mail an \"webmaster@mk-wetzlar.de\" widerrufen. Detaillierte Informationen zum Umgang mit Nutzerdaten finden Sie in unserer <a href=\"http:\/\/www.mk-wetzlar.de\/?page_id=6361\/\">Datenschutzerkl\u00e4rung<\/a>.<\/span><\/label><\/span><\/span><\/span>\n<\/p>\n<p><input class=\"wpcf7-form-control wpcf7-submit has-spinner\" type=\"submit\" value=\"Senden\" \/>\n<\/p><div class=\"wpcf7-response-output\" aria-hidden=\"true\"><\/div>\n<\/form>\n<\/div>\n<\/span><\/em><\/strong><\/span><\/p>\n<p><span style=\"font-family: georgia, palatino, serif;\"><strong><em><span style=\"font-size: 12pt;\">Ahoi und Dank<\/span><\/em><\/strong><\/span><br \/>\n<span style=\"font-family: georgia, palatino, serif;\"><strong><em><span style=\"font-size: 12pt;\">Ihre\/Eure<\/span><\/em><\/strong><\/span><br \/>\n<span style=\"font-family: georgia, palatino, serif;\"><strong><em><span style=\"font-size: 12pt;\">Marinekameradschaft Wetzlar<\/span><\/em><\/strong><\/span><\/p>\n","protected":false},"excerpt":{"rendered":"<p>F\u00f6rdern Helfen Sie uns! Sehr geehrte F\u00f6rderer, liebe Freunde der Seefahrt, wir w\u00fcrden uns freuen Sie als F\u00f6rderer der maritimen Kultur hier im heimischen Festland begr\u00fc\u00dfen zu k\u00f6nnen. Sprechen Sie uns an und erfahren Sie mehr zu unseren aktuellen Werbe- &hellip; <a href=\"https:\/\/www.mk-wetzlar.de\/?page_id=58\">Weiter<\/a><\/p>\n","protected":false},"author":1,"featured_media":0,"parent":0,"menu_order":11,"comment_status":"open","ping_status":"closed","template":"","meta":{"_crdt_document":"","footnotes":""},"class_list":["post-58","page","type-page","status-publish","hentry"],"_links":{"self":[{"href":"https:\/\/www.mk-wetzlar.de\/index.php?rest_route=\/wp\/v2\/pages\/58","targetHints":{"allow":["GET"]}}],"collection":[{"href":"https:\/\/www.mk-wetzlar.de\/index.php?rest_route=\/wp\/v2\/pages"}],"about":[{"href":"https:\/\/www.mk-wetzlar.de\/index.php?rest_route=\/wp\/v2\/types\/page"}],"author":[{"embeddable":true,"href":"https:\/\/www.mk-wetzlar.de\/index.php?rest_route=\/wp\/v2\/users\/1"}],"replies":[{"embeddable":true,"href":"https:\/\/www.mk-wetzlar.de\/index.php?rest_route=%2Fwp%2Fv2%2Fcomments&post=58"}],"version-history":[{"count":0,"href":"https:\/\/www.mk-wetzlar.de\/index.php?rest_route=\/wp\/v2\/pages\/58\/revisions"}],"wp:attachment":[{"href":"https:\/\/www.mk-wetzlar.de\/index.php?rest_route=%2Fwp%2Fv2%2Fmedia&parent=58"}],"curies":[{"name":"wp","href":"https:\/\/api.w.org\/{rel}","templated":true}]}}